{"id":628,"date":"2015-12-17T12:25:46","date_gmt":"2015-12-17T10:25:46","guid":{"rendered":"http:\/\/www.mutlutahsin.com\/?page_id=628"},"modified":"2019-06-13T13:09:13","modified_gmt":"2019-06-13T10:09:13","slug":"anasayfa-demo","status":"publish","type":"page","link":"http:\/\/www.mutlutahsin.com\/en\/","title":{"rendered":"About Me"},"content":{"rendered":"<p>[vc_row full_width=&#8221;stretch_row_content_no_spaces&#8221; full_height=&#8221;yes&#8221; columns_placement=&#8221;stretch&#8221; parallax=&#8221;content-moving&#8221; parallax_image=&#8221;171&#8243;][vc_column width=&#8221;1\/4&#8243;][\/vc_column][vc_column width=&#8221;1\/2&#8243;]<h1 class=\"fac-big-title fac-title text-left\" style=\"color:#4b4b4b\">Dr. Mutlu Tahsin \u00dcST\u00dcNDA\u011e<\/h1>\n[\/vc_column][vc_column width=&#8221;1\/4&#8243;][\/vc_column][\/vc_row][vc_row][vc_column]<div class=\"fac-publications\"><\/div><!-- .fac-publications -->[\/vc_column][\/vc_row]<\/p>","protected":false},"excerpt":{"rendered":"<p>[vc_row full_width=&#8221;stretch_row_content_no_spaces&#8221; full_height=&#8221;yes&#8221; columns_placement=&#8221;stretch&#8221; parallax=&#8221;content-moving&#8221; parallax_image=&#8221;171&#8243;][vc_column width=&#8221;1\/4&#8243;][\/vc_column][vc_column width=&#8221;1\/2&#8243;][\/vc_column][vc_column width=&#8221;1\/4&#8243;][\/vc_column][\/vc_row][vc_row][vc_column][\/vc_column][\/vc_row]<\/p>\n","protected":false},"author":1,"featured_media":604,"parent":0,"menu_order":0,"comment_status":"closed","ping_status":"closed","template":"","meta":[],"_links":{"self":[{"href":"http:\/\/www.mutlutahsin.com\/en\/wp-json\/wp\/v2\/pages\/628"}],"collection":[{"href":"http:\/\/www.mutlutahsin.com\/en\/wp-json\/wp\/v2\/pages"}],"about":[{"href":"http:\/\/www.mutlutahsin.com\/en\/wp-json\/wp\/v2\/types\/page"}],"author":[{"embeddable":true,"href":"http:\/\/www.mutlutahsin.com\/en\/wp-json\/wp\/v2\/users\/1"}],"replies":[{"embeddable":true,"href":"http:\/\/www.mutlutahsin.com\/en\/wp-json\/wp\/v2\/comments?post=628"}],"version-history":[{"count":57,"href":"http:\/\/www.mutlutahsin.com\/en\/wp-json\/wp\/v2\/pages\/628\/revisions"}],"predecessor-version":[{"id":1228,"href":"http:\/\/www.mutlutahsin.com\/en\/wp-json\/wp\/v2\/pages\/628\/revisions\/1228"}],"wp:featuredmedia":[{"embeddable":true,"href":"http:\/\/www.mutlutahsin.com\/en\/wp-json\/wp\/v2\/media\/604"}],"wp:attachment":[{"href":"http:\/\/www.mutlutahsin.com\/en\/wp-json\/wp\/v2\/media?parent=628"}],"curies":[{"name":"wp","href":"https:\/\/api.w.org\/{rel}","templated":true}]}}